{"id":15028,"date":"2026-04-29T00:10:41","date_gmt":"2026-04-29T00:10:41","guid":{"rendered":"https:\/\/publitec.lat\/index.php\/product\/taza-de-ceramica-11oz-interior-y-asa-de-color-con-cuchara-caja-con-36-piezas-cps-mexico\/"},"modified":"2026-04-29T02:19:47","modified_gmt":"2026-04-29T02:19:47","slug":"taza-de-ceramica-11oz-interior-y-asa-de-color-con-cuchara-caja-con-36-piezas-cps-mexico","status":"publish","type":"product","link":"https:\/\/publitec.lat\/index.php\/product\/taza-de-ceramica-11oz-interior-y-asa-de-color-con-cuchara-caja-con-36-piezas-cps-mexico\/","title":{"rendered":"Taza de Cer\u00e1mica 11oz Interior y Asa de Color con Cuchara Caja con 36 piezas &#8211; CPS M\u00e9xico"},"content":{"rendered":"","protected":false},"excerpt":{"rendered":"<p>Caracter\u00edsticas: . Material: Taza de 11oz Interior y Asa de Color con Cuchara Fabricado: Cer\u00e1mica . Colores Disponibles: Rojo, Cobalto, Negro, Verde Lim\u00f3n, Azul Cielo, Naranja, Rosa y Blanco<\/p>\n","protected":false},"featured_media":15026,"comment_status":"open","ping_status":"closed","template":"","meta":{"rs_blank_template":"","rs_page_bg_color":"","slide_template_v7":""},"product_brand":[],"product_cat":[15],"product_tag":[],"class_list":{"0":"post-15028","1":"product","2":"type-product","3":"status-publish","4":"has-post-thumbnail","6":"product_cat-sublimacion","8":"first","9":"instock","10":"shipping-taxable","11":"product-type-external"},"_links":{"self":[{"href":"https:\/\/publitec.lat\/index.php\/wp-json\/wp\/v2\/product\/15028","targetHints":{"allow":["GET"]}}],"collection":[{"href":"https:\/\/publitec.lat\/index.php\/wp-json\/wp\/v2\/product"}],"about":[{"href":"https:\/\/publitec.lat\/index.php\/wp-json\/wp\/v2\/types\/product"}],"replies":[{"embeddable":true,"href":"https:\/\/publitec.lat\/index.php\/wp-json\/wp\/v2\/comments?post=15028"}],"wp:featuredmedia":[{"embeddable":true,"href":"https:\/\/publitec.lat\/index.php\/wp-json\/wp\/v2\/media\/15026"}],"wp:attachment":[{"href":"https:\/\/publitec.lat\/index.php\/wp-json\/wp\/v2\/media?parent=15028"}],"wp:term":[{"taxonomy":"product_brand","embeddable":true,"href":"https:\/\/publitec.lat\/index.php\/wp-json\/wp\/v2\/product_brand?post=15028"},{"taxonomy":"product_cat","embeddable":true,"href":"https:\/\/publitec.lat\/index.php\/wp-json\/wp\/v2\/product_cat?post=15028"},{"taxonomy":"product_tag","embeddable":true,"href":"https:\/\/publitec.lat\/index.php\/wp-json\/wp\/v2\/product_tag?post=15028"}],"curies":[{"name":"wp","href":"https:\/\/api.w.org\/{rel}","templated":true}]}}