{"id":14995,"date":"2026-04-29T00:10:22","date_gmt":"2026-04-29T00:10:22","guid":{"rendered":"https:\/\/publitec.lat\/index.php\/product\/taza-de-ceramica-11oz-asa-de-corazon-tapa-de-silicon-cps-mexico\/"},"modified":"2026-04-29T02:19:46","modified_gmt":"2026-04-29T02:19:46","slug":"taza-de-ceramica-11oz-asa-de-corazon-tapa-de-silicon-cps-mexico","status":"publish","type":"product","link":"https:\/\/publitec.lat\/index.php\/product\/taza-de-ceramica-11oz-asa-de-corazon-tapa-de-silicon-cps-mexico\/","title":{"rendered":"Taza de Cer\u00e1mica 11oz Asa de Coraz\u00f3n Tapa de Silic\u00f3n &#8211; CPS M\u00e9xico"},"content":{"rendered":"","protected":false},"excerpt":{"rendered":"<p>Caracter\u00edsticas: Material: Taza 11oz Asa de Coraz\u00f3n Tapa y Base de Silic\u00f3nContenido: 1 piezaFabricado: Cer\u00e1micaColores Disponibles: Blanco con tapas de color (Azul, Rojo, Amarillo, Negro, Rosa)<\/p>\n","protected":false},"featured_media":14993,"comment_status":"open","ping_status":"closed","template":"","meta":{"rs_blank_template":"","rs_page_bg_color":"","slide_template_v7":""},"product_brand":[],"product_cat":[15],"product_tag":[],"class_list":{"0":"post-14995","1":"product","2":"type-product","3":"status-publish","4":"has-post-thumbnail","6":"product_cat-sublimacion","8":"first","9":"instock","10":"shipping-taxable","11":"product-type-external"},"_links":{"self":[{"href":"https:\/\/publitec.lat\/index.php\/wp-json\/wp\/v2\/product\/14995","targetHints":{"allow":["GET"]}}],"collection":[{"href":"https:\/\/publitec.lat\/index.php\/wp-json\/wp\/v2\/product"}],"about":[{"href":"https:\/\/publitec.lat\/index.php\/wp-json\/wp\/v2\/types\/product"}],"replies":[{"embeddable":true,"href":"https:\/\/publitec.lat\/index.php\/wp-json\/wp\/v2\/comments?post=14995"}],"wp:featuredmedia":[{"embeddable":true,"href":"https:\/\/publitec.lat\/index.php\/wp-json\/wp\/v2\/media\/14993"}],"wp:attachment":[{"href":"https:\/\/publitec.lat\/index.php\/wp-json\/wp\/v2\/media?parent=14995"}],"wp:term":[{"taxonomy":"product_brand","embeddable":true,"href":"https:\/\/publitec.lat\/index.php\/wp-json\/wp\/v2\/product_brand?post=14995"},{"taxonomy":"product_cat","embeddable":true,"href":"https:\/\/publitec.lat\/index.php\/wp-json\/wp\/v2\/product_cat?post=14995"},{"taxonomy":"product_tag","embeddable":true,"href":"https:\/\/publitec.lat\/index.php\/wp-json\/wp\/v2\/product_tag?post=14995"}],"curies":[{"name":"wp","href":"https:\/\/api.w.org\/{rel}","templated":true}]}}