{"id":14991,"date":"2026-04-29T00:10:20","date_gmt":"2026-04-29T00:10:20","guid":{"rendered":"https:\/\/publitec.lat\/index.php\/product\/aretes-doble-cara-de-mdf-3mm-cps-mexico\/"},"modified":"2026-04-29T02:19:46","modified_gmt":"2026-04-29T02:19:46","slug":"aretes-doble-cara-de-mdf-3mm-cps-mexico","status":"publish","type":"product","link":"https:\/\/publitec.lat\/index.php\/product\/aretes-doble-cara-de-mdf-3mm-cps-mexico\/","title":{"rendered":"Aretes Doble Cara de MDF 3mm &#8211; CPS M\u00e9xico"},"content":{"rendered":"<p>Caracter\u00edsticas: .- Material: Aretes .- Contenido: 1 pieza .- Fabricado: MDF .- Extra Livianos .- Doble Cara .- Gancho Ba\u00f1ado en Plata .- Formas Disponibles Disponibles: Estrella, Cuadrado, Diamante, Rect\u00e1ngulo, Triangulo, Coraz\u00f3n, Pluma y Circulo \u00a0 Medidas: Estrella: 4.5cm x 4.5cm Cuadrado: 4cm x 4cm Diamante: 4.5cm x 5.5cm Rect\u00e1ngulo: 4.5cm x 2.5cm Triangulo: 5cm x 4.5cm Coraz\u00f3n: Pluma: Circulo:<\/p>\n","protected":false},"excerpt":{"rendered":"<p>Caracter\u00edsticas: .- Material: Aretes .- Contenido: 1 pieza .- Fabricado: MDF .- Extra Livianos .- Doble Cara .- Gancho Ba\u00f1ado en Plata .- Formas Disponibles Disponibles: Estrella, Cuadrado, Diamante, Rect\u00e1ngulo, Triangulo, Coraz\u00f3n, Pluma y Circulo \u00a0 Medidas: Estrella: 4.5cm x 4.5cm Cuadrado: 4cm x 4cm Diamante: 4.5cm x 5.5cm Rect\u00e1ngulo: 4.5cm x 2.5cm Triangulo: 5cm [&hellip;]<\/p>\n","protected":false},"featured_media":14989,"comment_status":"open","ping_status":"closed","template":"","meta":{"rs_blank_template":"","rs_page_bg_color":"","slide_template_v7":""},"product_brand":[],"product_cat":[15],"product_tag":[],"class_list":{"0":"post-14991","1":"product","2":"type-product","3":"status-publish","4":"has-post-thumbnail","6":"product_cat-sublimacion","8":"first","9":"instock","10":"shipping-taxable","11":"product-type-external"},"_links":{"self":[{"href":"https:\/\/publitec.lat\/index.php\/wp-json\/wp\/v2\/product\/14991","targetHints":{"allow":["GET"]}}],"collection":[{"href":"https:\/\/publitec.lat\/index.php\/wp-json\/wp\/v2\/product"}],"about":[{"href":"https:\/\/publitec.lat\/index.php\/wp-json\/wp\/v2\/types\/product"}],"replies":[{"embeddable":true,"href":"https:\/\/publitec.lat\/index.php\/wp-json\/wp\/v2\/comments?post=14991"}],"wp:featuredmedia":[{"embeddable":true,"href":"https:\/\/publitec.lat\/index.php\/wp-json\/wp\/v2\/media\/14989"}],"wp:attachment":[{"href":"https:\/\/publitec.lat\/index.php\/wp-json\/wp\/v2\/media?parent=14991"}],"wp:term":[{"taxonomy":"product_brand","embeddable":true,"href":"https:\/\/publitec.lat\/index.php\/wp-json\/wp\/v2\/product_brand?post=14991"},{"taxonomy":"product_cat","embeddable":true,"href":"https:\/\/publitec.lat\/index.php\/wp-json\/wp\/v2\/product_cat?post=14991"},{"taxonomy":"product_tag","embeddable":true,"href":"https:\/\/publitec.lat\/index.php\/wp-json\/wp\/v2\/product_tag?post=14991"}],"curies":[{"name":"wp","href":"https:\/\/api.w.org\/{rel}","templated":true}]}}