{"id":14988,"date":"2026-04-29T00:10:19","date_gmt":"2026-04-29T00:10:19","guid":{"rendered":"https:\/\/publitec.lat\/index.php\/product\/vaso-skinny-de-acero-inoxidable-termico-20oz-con-popote-cps-mexico\/"},"modified":"2026-04-29T02:19:46","modified_gmt":"2026-04-29T02:19:46","slug":"vaso-skinny-de-acero-inoxidable-termico-20oz-con-popote-cps-mexico","status":"publish","type":"product","link":"https:\/\/publitec.lat\/index.php\/product\/vaso-skinny-de-acero-inoxidable-termico-20oz-con-popote-cps-mexico\/","title":{"rendered":"Vaso Skinny de Acero Inoxidable T\u00e9rmico 20oz con Popote &#8211; CPS M\u00e9xico"},"content":{"rendered":"","protected":false},"excerpt":{"rendered":"<p>Caracter\u00edsticas:Material: Vaso De Acero con PopoteContenido: 1 pieza\u00a0Fabricado: Acero InoxidableColores Disponibles: Blanco y Plata<\/p>\n","protected":false},"featured_media":14987,"comment_status":"open","ping_status":"closed","template":"","meta":{"rs_blank_template":"","rs_page_bg_color":"","slide_template_v7":""},"product_brand":[],"product_cat":[15],"product_tag":[],"class_list":{"0":"post-14988","1":"product","2":"type-product","3":"status-publish","4":"has-post-thumbnail","6":"product_cat-sublimacion","8":"first","9":"instock","10":"shipping-taxable","11":"product-type-external"},"_links":{"self":[{"href":"https:\/\/publitec.lat\/index.php\/wp-json\/wp\/v2\/product\/14988","targetHints":{"allow":["GET"]}}],"collection":[{"href":"https:\/\/publitec.lat\/index.php\/wp-json\/wp\/v2\/product"}],"about":[{"href":"https:\/\/publitec.lat\/index.php\/wp-json\/wp\/v2\/types\/product"}],"replies":[{"embeddable":true,"href":"https:\/\/publitec.lat\/index.php\/wp-json\/wp\/v2\/comments?post=14988"}],"wp:featuredmedia":[{"embeddable":true,"href":"https:\/\/publitec.lat\/index.php\/wp-json\/wp\/v2\/media\/14987"}],"wp:attachment":[{"href":"https:\/\/publitec.lat\/index.php\/wp-json\/wp\/v2\/media?parent=14988"}],"wp:term":[{"taxonomy":"product_brand","embeddable":true,"href":"https:\/\/publitec.lat\/index.php\/wp-json\/wp\/v2\/product_brand?post=14988"},{"taxonomy":"product_cat","embeddable":true,"href":"https:\/\/publitec.lat\/index.php\/wp-json\/wp\/v2\/product_cat?post=14988"},{"taxonomy":"product_tag","embeddable":true,"href":"https:\/\/publitec.lat\/index.php\/wp-json\/wp\/v2\/product_tag?post=14988"}],"curies":[{"name":"wp","href":"https:\/\/api.w.org\/{rel}","templated":true}]}}