{"id":14921,"date":"2026-04-29T00:09:41","date_gmt":"2026-04-29T00:09:41","guid":{"rendered":"https:\/\/publitec.lat\/index.php\/product\/porta-lata-de-acero-inoxidable-termico-355ml-para-grabado-laser-cps-mexico\/"},"modified":"2026-04-29T02:19:42","modified_gmt":"2026-04-29T02:19:42","slug":"porta-lata-de-acero-inoxidable-termico-355ml-para-grabado-laser-cps-mexico","status":"publish","type":"product","link":"https:\/\/publitec.lat\/index.php\/product\/porta-lata-de-acero-inoxidable-termico-355ml-para-grabado-laser-cps-mexico\/","title":{"rendered":"Porta Lata de Acero Inoxidable T\u00e9rmico 355ml para Grabado Laser &#8211; CPS M\u00e9xico"},"content":{"rendered":"","protected":false},"excerpt":{"rendered":"<p>Caracter\u00edsticas: .- Material: Porta Latas T\u00e9rmico De Acero Inoxidable T\u00e9rmico .- Contenido: 1 pieza .- Fabricado: Acero Inoxidable .- Colores Disponibles: Negro<\/p>\n","protected":false},"featured_media":14918,"comment_status":"open","ping_status":"closed","template":"","meta":{"rs_blank_template":"","rs_page_bg_color":"","slide_template_v7":""},"product_brand":[],"product_cat":[15],"product_tag":[],"class_list":{"0":"post-14921","1":"product","2":"type-product","3":"status-publish","4":"has-post-thumbnail","6":"product_cat-sublimacion","8":"first","9":"instock","10":"shipping-taxable","11":"product-type-external"},"_links":{"self":[{"href":"https:\/\/publitec.lat\/index.php\/wp-json\/wp\/v2\/product\/14921","targetHints":{"allow":["GET"]}}],"collection":[{"href":"https:\/\/publitec.lat\/index.php\/wp-json\/wp\/v2\/product"}],"about":[{"href":"https:\/\/publitec.lat\/index.php\/wp-json\/wp\/v2\/types\/product"}],"replies":[{"embeddable":true,"href":"https:\/\/publitec.lat\/index.php\/wp-json\/wp\/v2\/comments?post=14921"}],"wp:featuredmedia":[{"embeddable":true,"href":"https:\/\/publitec.lat\/index.php\/wp-json\/wp\/v2\/media\/14918"}],"wp:attachment":[{"href":"https:\/\/publitec.lat\/index.php\/wp-json\/wp\/v2\/media?parent=14921"}],"wp:term":[{"taxonomy":"product_brand","embeddable":true,"href":"https:\/\/publitec.lat\/index.php\/wp-json\/wp\/v2\/product_brand?post=14921"},{"taxonomy":"product_cat","embeddable":true,"href":"https:\/\/publitec.lat\/index.php\/wp-json\/wp\/v2\/product_cat?post=14921"},{"taxonomy":"product_tag","embeddable":true,"href":"https:\/\/publitec.lat\/index.php\/wp-json\/wp\/v2\/product_tag?post=14921"}],"curies":[{"name":"wp","href":"https:\/\/api.w.org\/{rel}","templated":true}]}}