{"id":14917,"date":"2026-04-29T00:09:37","date_gmt":"2026-04-29T00:09:37","guid":{"rendered":"https:\/\/publitec.lat\/index.php\/product\/botella-acero-inoxidable-termica-con-infusor-500ml-para-grabado-laser-cps-mexico\/"},"modified":"2026-04-29T02:19:42","modified_gmt":"2026-04-29T02:19:42","slug":"botella-acero-inoxidable-termica-con-infusor-500ml-para-grabado-laser-cps-mexico","status":"publish","type":"product","link":"https:\/\/publitec.lat\/index.php\/product\/botella-acero-inoxidable-termica-con-infusor-500ml-para-grabado-laser-cps-mexico\/","title":{"rendered":"Botella Acero Inoxidable T\u00e9rmica con Infusor 500ml para Grabado Laser &#8211; CPS M\u00e9xico"},"content":{"rendered":"","protected":false},"excerpt":{"rendered":"<p>Caracter\u00edsticas: .- Material: Botella De Acero Inoxidable T\u00e9rmica con Infusor .- Contenido: 1 pieza .- Fabricado: Acero Inoxidable .- Colores Disponibles: Azul, Negro y Rojo<\/p>\n","protected":false},"featured_media":14914,"comment_status":"open","ping_status":"closed","template":"","meta":{"rs_blank_template":"","rs_page_bg_color":"","slide_template_v7":""},"product_brand":[],"product_cat":[15],"product_tag":[],"class_list":{"0":"post-14917","1":"product","2":"type-product","3":"status-publish","4":"has-post-thumbnail","6":"product_cat-sublimacion","8":"first","9":"instock","10":"shipping-taxable","11":"product-type-external"},"_links":{"self":[{"href":"https:\/\/publitec.lat\/index.php\/wp-json\/wp\/v2\/product\/14917","targetHints":{"allow":["GET"]}}],"collection":[{"href":"https:\/\/publitec.lat\/index.php\/wp-json\/wp\/v2\/product"}],"about":[{"href":"https:\/\/publitec.lat\/index.php\/wp-json\/wp\/v2\/types\/product"}],"replies":[{"embeddable":true,"href":"https:\/\/publitec.lat\/index.php\/wp-json\/wp\/v2\/comments?post=14917"}],"wp:featuredmedia":[{"embeddable":true,"href":"https:\/\/publitec.lat\/index.php\/wp-json\/wp\/v2\/media\/14914"}],"wp:attachment":[{"href":"https:\/\/publitec.lat\/index.php\/wp-json\/wp\/v2\/media?parent=14917"}],"wp:term":[{"taxonomy":"product_brand","embeddable":true,"href":"https:\/\/publitec.lat\/index.php\/wp-json\/wp\/v2\/product_brand?post=14917"},{"taxonomy":"product_cat","embeddable":true,"href":"https:\/\/publitec.lat\/index.php\/wp-json\/wp\/v2\/product_cat?post=14917"},{"taxonomy":"product_tag","embeddable":true,"href":"https:\/\/publitec.lat\/index.php\/wp-json\/wp\/v2\/product_tag?post=14917"}],"curies":[{"name":"wp","href":"https:\/\/api.w.org\/{rel}","templated":true}]}}