{"id":14899,"date":"2026-04-29T00:09:27","date_gmt":"2026-04-29T00:09:27","guid":{"rendered":"https:\/\/publitec.lat\/index.php\/product\/vaso-vinero-acero-inoxidable-termico-300ml-para-grabado-laser-cps-mexico\/"},"modified":"2026-04-29T02:19:42","modified_gmt":"2026-04-29T02:19:42","slug":"vaso-vinero-acero-inoxidable-termico-300ml-para-grabado-laser-cps-mexico","status":"publish","type":"product","link":"https:\/\/publitec.lat\/index.php\/product\/vaso-vinero-acero-inoxidable-termico-300ml-para-grabado-laser-cps-mexico\/","title":{"rendered":"Vaso Vinero Acero Inoxidable T\u00e9rmico 300ml para Grabado Laser &#8211; CPS M\u00e9xico"},"content":{"rendered":"","protected":false},"excerpt":{"rendered":"<p>Caracter\u00edsticas: .- Material: Vaso De Acero Inoxidable T\u00e9rmico Vinero para Grabado Laser .- Contenido: 1 pieza .- Fabricado: Acero Inoxidable .- Colores Disponibles: Azul Cielo, Rosa Claro, Negro y Blanco<\/p>\n","protected":false},"featured_media":14895,"comment_status":"open","ping_status":"closed","template":"","meta":{"rs_blank_template":"","rs_page_bg_color":"","slide_template_v7":""},"product_brand":[],"product_cat":[15],"product_tag":[],"class_list":{"0":"post-14899","1":"product","2":"type-product","3":"status-publish","4":"has-post-thumbnail","6":"product_cat-sublimacion","8":"first","9":"instock","10":"shipping-taxable","11":"product-type-external"},"_links":{"self":[{"href":"https:\/\/publitec.lat\/index.php\/wp-json\/wp\/v2\/product\/14899","targetHints":{"allow":["GET"]}}],"collection":[{"href":"https:\/\/publitec.lat\/index.php\/wp-json\/wp\/v2\/product"}],"about":[{"href":"https:\/\/publitec.lat\/index.php\/wp-json\/wp\/v2\/types\/product"}],"replies":[{"embeddable":true,"href":"https:\/\/publitec.lat\/index.php\/wp-json\/wp\/v2\/comments?post=14899"}],"wp:featuredmedia":[{"embeddable":true,"href":"https:\/\/publitec.lat\/index.php\/wp-json\/wp\/v2\/media\/14895"}],"wp:attachment":[{"href":"https:\/\/publitec.lat\/index.php\/wp-json\/wp\/v2\/media?parent=14899"}],"wp:term":[{"taxonomy":"product_brand","embeddable":true,"href":"https:\/\/publitec.lat\/index.php\/wp-json\/wp\/v2\/product_brand?post=14899"},{"taxonomy":"product_cat","embeddable":true,"href":"https:\/\/publitec.lat\/index.php\/wp-json\/wp\/v2\/product_cat?post=14899"},{"taxonomy":"product_tag","embeddable":true,"href":"https:\/\/publitec.lat\/index.php\/wp-json\/wp\/v2\/product_tag?post=14899"}],"curies":[{"name":"wp","href":"https:\/\/api.w.org\/{rel}","templated":true}]}}