{"id":14891,"date":"2026-04-29T00:09:22","date_gmt":"2026-04-29T00:09:22","guid":{"rendered":"https:\/\/publitec.lat\/index.php\/product\/lamina-mdf-doble-cara-40x60-de-3mm-cps-mexico\/"},"modified":"2026-04-29T02:19:42","modified_gmt":"2026-04-29T02:19:42","slug":"lamina-mdf-doble-cara-40x60-de-3mm-cps-mexico","status":"publish","type":"product","link":"https:\/\/publitec.lat\/index.php\/product\/lamina-mdf-doble-cara-40x60-de-3mm-cps-mexico\/","title":{"rendered":"Lamina MDF Doble Cara 40X60 de 3mm &#8211; CPS M\u00e9xico"},"content":{"rendered":"","protected":false},"excerpt":{"rendered":"<p>Conserva las im\u00e1genes de esos momentos tan importantes de tu vida que sabes que no volver\u00e1n. La magia de la fotograf\u00eda nos regala la posibilidad de capturarlos<\/p>\n","protected":false},"featured_media":14888,"comment_status":"open","ping_status":"closed","template":"","meta":{"rs_blank_template":"","rs_page_bg_color":"","slide_template_v7":""},"product_brand":[],"product_cat":[15],"product_tag":[],"class_list":{"0":"post-14891","1":"product","2":"type-product","3":"status-publish","4":"has-post-thumbnail","6":"product_cat-sublimacion","8":"first","9":"instock","10":"shipping-taxable","11":"purchasable","12":"product-type-simple"},"_links":{"self":[{"href":"https:\/\/publitec.lat\/index.php\/wp-json\/wp\/v2\/product\/14891","targetHints":{"allow":["GET"]}}],"collection":[{"href":"https:\/\/publitec.lat\/index.php\/wp-json\/wp\/v2\/product"}],"about":[{"href":"https:\/\/publitec.lat\/index.php\/wp-json\/wp\/v2\/types\/product"}],"replies":[{"embeddable":true,"href":"https:\/\/publitec.lat\/index.php\/wp-json\/wp\/v2\/comments?post=14891"}],"wp:featuredmedia":[{"embeddable":true,"href":"https:\/\/publitec.lat\/index.php\/wp-json\/wp\/v2\/media\/14888"}],"wp:attachment":[{"href":"https:\/\/publitec.lat\/index.php\/wp-json\/wp\/v2\/media?parent=14891"}],"wp:term":[{"taxonomy":"product_brand","embeddable":true,"href":"https:\/\/publitec.lat\/index.php\/wp-json\/wp\/v2\/product_brand?post=14891"},{"taxonomy":"product_cat","embeddable":true,"href":"https:\/\/publitec.lat\/index.php\/wp-json\/wp\/v2\/product_cat?post=14891"},{"taxonomy":"product_tag","embeddable":true,"href":"https:\/\/publitec.lat\/index.php\/wp-json\/wp\/v2\/product_tag?post=14891"}],"curies":[{"name":"wp","href":"https:\/\/api.w.org\/{rel}","templated":true}]}}