{"id":14886,"date":"2026-04-29T00:09:19","date_gmt":"2026-04-29T00:09:19","guid":{"rendered":"https:\/\/publitec.lat\/index.php\/product\/termo-acero-base-tipo-corcho-17oz-cps-mexico\/"},"modified":"2026-04-29T02:19:42","modified_gmt":"2026-04-29T02:19:42","slug":"termo-acero-base-tipo-corcho-17oz-cps-mexico","status":"publish","type":"product","link":"https:\/\/publitec.lat\/index.php\/product\/termo-acero-base-tipo-corcho-17oz-cps-mexico\/","title":{"rendered":"TERMO ACERO BASE TIPO CORCHO 17OZ &#8211; CPS M\u00e9xico"},"content":{"rendered":"<div>\n<div>\n<div>\n<ol>\n<li>Inicio<\/li>\n<li>Tienda<\/li>\n<li>Sublimaci\u00f3n<\/li>\n<li>Blanks para sublimar<\/li>\n<li>Aceros<\/li>\n<\/ol>\n<\/div>\n<\/div>\n<div>\n<div>\n<div><!-- .content --><\/p>\n<div><\/div>\n<div>\n<div>\n<div>\n<div>\n<div>\n<div>\n<div><\/div>\n<div><\/div>\n<\/p><\/div>\n<\/div><\/div>\n<div>\n<div>\n<div>\n<h1>TERMO ACERO BASE TIPO CORCHO 17OZ<\/h1>\n<\/p><\/div>\n<p>$158.48<\/p>\n<div>\n<div>\n TERMO ACERO BASE TIPO CORCHO 17OZ cantidad<\/p><\/div>\n<p> A\u00f1adir al carrito\n <\/p><\/div>\n<div>\n<p> Categories: AcerosBlanks para sublimar<\/p>\n<\/div><\/div>\n<p><!-- .summary -->\n <\/div>\n<\/p><\/div>\n<\/div>\n<\/div>\n<p><!-- #product-17939 --><\/p><\/div>\n<p><!-- .content --><\/p><\/div>\n<p> <!-- .row --><\/p>\n<div>\n<h3>Related products<\/h3>\n<div>\n<div>\n<div>\n<div>\n<div>\n<div>\n<div>\n<div>\n<div><i><\/i>A\u00f1adir al carrito <\/p><\/div>\n<\/p><\/div>\n<\/p><\/div>\n<div>\n<h3>Tarro de Vidrio Cervecero 16oz Esmerilado o Transparente<\/h3>\n<p> $54.10<\/p><\/div>\n<\/p><\/div>\n<\/div><\/div>\n<\/p><\/div>\n<div>\n<div>\n<div>\n<div>\n<div>\n<div>\n<div><i><\/i>A\u00f1adir al carrito <\/p><\/div>\n<\/p><\/div>\n<\/p><\/div>\n<div>\n<h3>Lata de Acero Inoxidable T\u00e9rmica de 280ml Caja con 12 piezas<\/h3>\n<p> $1,039.04<\/p><\/div>\n<\/p><\/div>\n<\/div><\/div>\n<\/p><\/div>\n<div>\n<div>\n<div>\n<div>\n<div>\n<div>\n<div><i><\/i>A\u00f1adir al carrito <\/p><\/div>\n<\/p><\/div>\n<\/p><\/div>\n<div>\n<h3>Mouse Pad de Neopreno Rectangular 20cm x 24cm x 2mm<\/h3>\n<p> $13.31<\/p><\/div>\n<\/p><\/div>\n<\/div><\/div>\n<\/p><\/div>\n<div>\n<div>\n<div>\n<div>\n<div>\n<div>\n<div><i><\/i>A\u00f1adir al carrito <\/p><\/div>\n<\/p><\/div>\n<\/p><\/div>\n<div>\n<h3>Porta Vasos de Neopreno 9cm x 9cm Cuadrado o Circulo Caja con 50 piezas<\/h3>\n<p> $338.40<\/p><\/div>\n<\/p><\/div>\n<\/div><\/div>\n<\/p><\/div>\n<div>\n<div>\n<div>\n<div>\n<div>\n<div>\n<div><i><\/i>A\u00f1adir al carrito <\/p><\/div>\n<\/p><\/div>\n<\/p><\/div>\n<div>\n<h3>Taza de Cer\u00e1mica 11oz Blanca Calidad \u00abA\u00bb<\/h3>\n<p> $15.50<\/p><\/div>\n<\/p><\/div>\n<\/div><\/div>\n<\/p><\/div>\n<div>\n<div>\n<div>\n<div>\n<div>\n<div>\n<div><i><\/i>A\u00f1adir al carrito <\/p><\/div>\n<\/p><\/div>\n<\/p><\/div>\n<div>\n<h3>Lata de Aluminio con Tapa de Silic\u00f3n 350ml<\/h3>\n<p> $47.34<\/p><\/div>\n<\/p><\/div>\n<\/div><\/div>\n<\/p><\/div>\n<div>\n<div>\n<div>\n<div>\n<div>\n<div>\n<div><i><\/i>A\u00f1adir al carrito <\/p><\/div>\n<\/p><\/div>\n<\/p><\/div>\n<div>\n<h3>Taza de Cer\u00e1mica 11oz Aperlada<\/h3>\n<p> $34.27<\/p><\/div>\n<\/p><\/div>\n<\/div><\/div>\n<\/p><\/div>\n<div>\n<div>\n<div>\n<div>\n<div>\n<div>\n<div><i><\/i>A\u00f1adir al carrito <\/p><\/div>\n<\/p><\/div>\n<\/p><\/div>\n<div>\n<h3>Vaso C\u00f3nico de Cer\u00e1mica 15oz con Tapa de Silic\u00f3n<\/h3>\n<p> $36.07<\/p><\/div>\n<\/p><\/div>\n<\/div><\/div>\n<\/p><\/div>\n<\/p><\/div>\n<\/p><\/div>\n<\/p><\/div>\n<\/p><\/div>\n<p> <!-- container -->\n<\/div>\n<p><!-- main wrapper--><\/p>\n","protected":false},"excerpt":{"rendered":"<p>Inicio Tienda Sublimaci\u00f3n Blanks para sublimar Aceros TERMO ACERO BASE TIPO CORCHO 17OZ $158.48 TERMO ACERO BASE TIPO CORCHO 17OZ cantidad A\u00f1adir al carrito Categories: AcerosBlanks para sublimar Related products A\u00f1adir al carrito Tarro de Vidrio Cervecero 16oz Esmerilado o Transparente $54.10 A\u00f1adir al carrito Lata de Acero Inoxidable T\u00e9rmica de 280ml Caja con 12 [&hellip;]<\/p>\n","protected":false},"featured_media":14884,"comment_status":"open","ping_status":"closed","template":"","meta":{"rs_blank_template":"","rs_page_bg_color":"","slide_template_v7":""},"product_brand":[],"product_cat":[15],"product_tag":[],"class_list":{"0":"post-14886","1":"product","2":"type-product","3":"status-publish","4":"has-post-thumbnail","6":"product_cat-sublimacion","8":"first","9":"instock","10":"shipping-taxable","11":"product-type-external"},"_links":{"self":[{"href":"https:\/\/publitec.lat\/index.php\/wp-json\/wp\/v2\/product\/14886","targetHints":{"allow":["GET"]}}],"collection":[{"href":"https:\/\/publitec.lat\/index.php\/wp-json\/wp\/v2\/product"}],"about":[{"href":"https:\/\/publitec.lat\/index.php\/wp-json\/wp\/v2\/types\/product"}],"replies":[{"embeddable":true,"href":"https:\/\/publitec.lat\/index.php\/wp-json\/wp\/v2\/comments?post=14886"}],"wp:featuredmedia":[{"embeddable":true,"href":"https:\/\/publitec.lat\/index.php\/wp-json\/wp\/v2\/media\/14884"}],"wp:attachment":[{"href":"https:\/\/publitec.lat\/index.php\/wp-json\/wp\/v2\/media?parent=14886"}],"wp:term":[{"taxonomy":"product_brand","embeddable":true,"href":"https:\/\/publitec.lat\/index.php\/wp-json\/wp\/v2\/product_brand?post=14886"},{"taxonomy":"product_cat","embeddable":true,"href":"https:\/\/publitec.lat\/index.php\/wp-json\/wp\/v2\/product_cat?post=14886"},{"taxonomy":"product_tag","embeddable":true,"href":"https:\/\/publitec.lat\/index.php\/wp-json\/wp\/v2\/product_tag?post=14886"}],"curies":[{"name":"wp","href":"https:\/\/api.w.org\/{rel}","templated":true}]}}